{"id":1567,"date":"2019-01-03T08:12:34","date_gmt":"2019-01-03T08:12:34","guid":{"rendered":"https:\/\/augustavitrinas.com\/?page_id=1567"},"modified":"2021-02-10T12:36:30","modified_gmt":"2021-02-10T12:36:30","slug":"gracias","status":"publish","type":"page","link":"https:\/\/augustavitrinas.com\/ca\/gracias\/","title":{"rendered":"Gracias"},"content":{"rendered":"<p>[et_pb_section fb_built=&#8221;1&#8243; _builder_version=&#8221;3.22&#8243;][et_pb_row _builder_version=&#8221;3.25&#8243; background_size=&#8221;initial&#8221; background_position=&#8221;top_left&#8221; background_repeat=&#8221;repeat&#8221;][et_pb_column type=&#8221;4_4&#8243; _builder_version=&#8221;3.25&#8243; custom_padding=&#8221;|||&#8221; custom_padding__hover=&#8221;|||&#8221;][et_pb_text _builder_version=&#8221;3.27.4&#8243;]<\/p>\n<h2 style=\"text-align: center;\"><span class=\"tlid-translation translation\"><span title=\"\">Moltes<\/span> <span title=\"\">Gr\u00e0cies<\/span> <span class=\"\" title=\"\">pel seu inter\u00e8s<\/span><\/span><\/h2>\n<p style=\"text-align: center;\"><strong><span class=\"tlid-translation translation\"><span title=\"\">Feu<\/span> <span title=\"\">clic al<\/span> <span title=\"\">bot\u00f3<\/span> <span title=\"\">per baixar<\/span> <span title=\"\">el nostre<\/span> <span title=\"\">cat\u00e0leg<\/span> <span class=\"\" title=\"\">de vitrines<\/span><\/span><\/strong><\/p>\n<p>[\/et_pb_text][et_pb_button button_url=&#8221;\/wp-content\/uploads\/2021\/02\/Augusta_catala\u0300_baja.pdf&#8221; button_text=&#8221;Baixar Cat\u00e0leg&#8221; button_alignment=&#8221;center&#8221; _builder_version=&#8221;4.6.6&#8243; hover_enabled=&#8221;0&#8243; button_text_size__hover_enabled=&#8221;off&#8221; button_one_text_size__hover_enabled=&#8221;off&#8221; button_two_text_size__hover_enabled=&#8221;off&#8221; button_text_color__hover_enabled=&#8221;off&#8221; button_one_text_color__hover_enabled=&#8221;off&#8221; button_two_text_color__hover_enabled=&#8221;off&#8221; button_border_width__hover_enabled=&#8221;off&#8221; button_one_border_width__hover_enabled=&#8221;off&#8221; button_two_border_width__hover_enabled=&#8221;off&#8221; button_border_color__hover_enabled=&#8221;off&#8221; button_one_border_color__hover_enabled=&#8221;off&#8221; button_two_border_color__hover_enabled=&#8221;off&#8221; button_border_radius__hover_enabled=&#8221;off&#8221; button_one_border_radius__hover_enabled=&#8221;off&#8221; button_two_border_radius__hover_enabled=&#8221;off&#8221; button_letter_spacing__hover_enabled=&#8221;off&#8221; button_one_letter_spacing__hover_enabled=&#8221;off&#8221; button_two_letter_spacing__hover_enabled=&#8221;off&#8221; button_bg_color__hover_enabled=&#8221;off&#8221; button_one_bg_color__hover_enabled=&#8221;off&#8221; button_two_bg_color__hover_enabled=&#8221;off&#8221; url_new_window=&#8221;on&#8221; sticky_enabled=&#8221;0&#8243;][\/et_pb_button][\/et_pb_column][\/et_pb_row][\/et_pb_section]<\/p>\n","protected":false},"excerpt":{"rendered":"<p>Moltes Gr\u00e0cies pel seu inter\u00e8s Feu clic al bot\u00f3 per baixar el nostre cat\u00e0leg de vitrines<\/p>\n","protected":false},"author":1,"featured_media":0,"parent":0,"menu_order":0,"comment_status":"closed","ping_status":"closed","template":"","meta":{"_et_pb_use_builder":"on","_et_pb_old_content":"","_et_gb_content_width":"","_vp_format_video_url":"","_vp_image_focal_point":[],"footnotes":""},"class_list":["post-1567","page","type-page","status-publish","hentry"],"yoast_head":"<!-- This site is optimized with the Yoast SEO plugin v27.3 - https:\/\/yoast.com\/product\/yoast-seo-wordpress\/ -->\n<title>Gracias - Augusta Vitrinas<\/title>\n<meta name=\"robots\" content=\"index, follow, max-snippet:-1, max-image-preview:large, max-video-preview:-1\" \/>\n<link rel=\"canonical\" href=\"https:\/\/augustavitrinas.com\/ca\/gracias\/\" \/>\n<meta property=\"og:locale\" content=\"ca_ES\" \/>\n<meta property=\"og:type\" content=\"article\" \/>\n<meta property=\"og:title\" content=\"Gracias - Augusta Vitrinas\" \/>\n<meta property=\"og:description\" content=\"Moltes Gr\u00e0cies pel seu inter\u00e8s Feu clic al bot\u00f3 per baixar el nostre cat\u00e0leg de vitrines\" \/>\n<meta property=\"og:url\" content=\"https:\/\/augustavitrinas.com\/ca\/gracias\/\" \/>\n<meta property=\"og:site_name\" content=\"Augusta Vitrinas\" \/>\n<meta property=\"article:publisher\" content=\"https:\/\/www.facebook.com\/Augustavitrinas\/\" \/>\n<meta property=\"article:modified_time\" content=\"2021-02-10T12:36:30+00:00\" \/>\n<meta property=\"og:image\" content=\"http:\/\/localhost:8888\/augusta\/wp-content\/uploads\/2018\/09\/augustavitrinas.jpg\" \/>\n<meta name=\"twitter:card\" content=\"summary_large_image\" \/>\n<meta name=\"twitter:label1\" content=\"Est. reading time\" \/>\n\t<meta name=\"twitter:data1\" content=\"1 minute\" \/>\n<script type=\"application\/ld+json\" class=\"yoast-schema-graph\">{\"@context\":\"https:\\\/\\\/schema.org\",\"@graph\":[{\"@type\":\"WebPage\",\"@id\":\"https:\\\/\\\/augustavitrinas.com\\\/ca\\\/gracias\\\/\",\"url\":\"https:\\\/\\\/augustavitrinas.com\\\/ca\\\/gracias\\\/\",\"name\":\"Gracias - Augusta Vitrinas\",\"isPartOf\":{\"@id\":\"https:\\\/\\\/augustavitrinas.com\\\/#website\"},\"datePublished\":\"2019-01-03T08:12:34+00:00\",\"dateModified\":\"2021-02-10T12:36:30+00:00\",\"breadcrumb\":{\"@id\":\"https:\\\/\\\/augustavitrinas.com\\\/ca\\\/gracias\\\/#breadcrumb\"},\"inLanguage\":\"ca\",\"potentialAction\":[{\"@type\":\"ReadAction\",\"target\":[\"https:\\\/\\\/augustavitrinas.com\\\/ca\\\/gracias\\\/\"]}]},{\"@type\":\"BreadcrumbList\",\"@id\":\"https:\\\/\\\/augustavitrinas.com\\\/ca\\\/gracias\\\/#breadcrumb\",\"itemListElement\":[{\"@type\":\"ListItem\",\"position\":1,\"name\":\"Portada\",\"item\":\"https:\\\/\\\/augustavitrinas.com\\\/ca\\\/inicio\\\/\"},{\"@type\":\"ListItem\",\"position\":2,\"name\":\"Gracias\"}]},{\"@type\":\"WebSite\",\"@id\":\"https:\\\/\\\/augustavitrinas.com\\\/#website\",\"url\":\"https:\\\/\\\/augustavitrinas.com\\\/\",\"name\":\"Augusta Vitrinas\",\"description\":\"Vitrinas frigor\u00edficas a medida , Interiorismo comercial\",\"publisher\":{\"@id\":\"https:\\\/\\\/augustavitrinas.com\\\/#organization\"},\"potentialAction\":[{\"@type\":\"SearchAction\",\"target\":{\"@type\":\"EntryPoint\",\"urlTemplate\":\"https:\\\/\\\/augustavitrinas.com\\\/?s={search_term_string}\"},\"query-input\":{\"@type\":\"PropertyValueSpecification\",\"valueRequired\":true,\"valueName\":\"search_term_string\"}}],\"inLanguage\":\"ca\"},{\"@type\":\"Organization\",\"@id\":\"https:\\\/\\\/augustavitrinas.com\\\/#organization\",\"name\":\"Augusta Vitrinas\",\"url\":\"https:\\\/\\\/augustavitrinas.com\\\/\",\"logo\":{\"@type\":\"ImageObject\",\"inLanguage\":\"ca\",\"@id\":\"https:\\\/\\\/augustavitrinas.com\\\/#\\\/schema\\\/logo\\\/image\\\/\",\"url\":\"https:\\\/\\\/augustavitrinas.com\\\/wp-content\\\/uploads\\\/2021\\\/11\\\/logo-movil-augustaazul.png\",\"contentUrl\":\"https:\\\/\\\/augustavitrinas.com\\\/wp-content\\\/uploads\\\/2021\\\/11\\\/logo-movil-augustaazul.png\",\"width\":501,\"height\":418,\"caption\":\"Augusta Vitrinas\"},\"image\":{\"@id\":\"https:\\\/\\\/augustavitrinas.com\\\/#\\\/schema\\\/logo\\\/image\\\/\"},\"sameAs\":[\"https:\\\/\\\/www.facebook.com\\\/Augustavitrinas\\\/\",\"https:\\\/\\\/www.instagram.com\\\/augusta__vitrinas\\\/\"]}]}<\/script>\n<!-- \/ Yoast SEO plugin. -->","yoast_head_json":{"title":"Gracias - Augusta Vitrinas","robots":{"index":"index","follow":"follow","max-snippet":"max-snippet:-1","max-image-preview":"max-image-preview:large","max-video-preview":"max-video-preview:-1"},"canonical":"https:\/\/augustavitrinas.com\/ca\/gracias\/","og_locale":"ca_ES","og_type":"article","og_title":"Gracias - Augusta Vitrinas","og_description":"Moltes Gr\u00e0cies pel seu inter\u00e8s Feu clic al bot\u00f3 per baixar el nostre cat\u00e0leg de vitrines","og_url":"https:\/\/augustavitrinas.com\/ca\/gracias\/","og_site_name":"Augusta Vitrinas","article_publisher":"https:\/\/www.facebook.com\/Augustavitrinas\/","article_modified_time":"2021-02-10T12:36:30+00:00","og_image":[{"url":"http:\/\/localhost:8888\/augusta\/wp-content\/uploads\/2018\/09\/augustavitrinas.jpg","type":"","width":"","height":""}],"twitter_card":"summary_large_image","twitter_misc":{"Est. reading time":"1 minute"},"schema":{"@context":"https:\/\/schema.org","@graph":[{"@type":"WebPage","@id":"https:\/\/augustavitrinas.com\/ca\/gracias\/","url":"https:\/\/augustavitrinas.com\/ca\/gracias\/","name":"Gracias - Augusta Vitrinas","isPartOf":{"@id":"https:\/\/augustavitrinas.com\/#website"},"datePublished":"2019-01-03T08:12:34+00:00","dateModified":"2021-02-10T12:36:30+00:00","breadcrumb":{"@id":"https:\/\/augustavitrinas.com\/ca\/gracias\/#breadcrumb"},"inLanguage":"ca","potentialAction":[{"@type":"ReadAction","target":["https:\/\/augustavitrinas.com\/ca\/gracias\/"]}]},{"@type":"BreadcrumbList","@id":"https:\/\/augustavitrinas.com\/ca\/gracias\/#breadcrumb","itemListElement":[{"@type":"ListItem","position":1,"name":"Portada","item":"https:\/\/augustavitrinas.com\/ca\/inicio\/"},{"@type":"ListItem","position":2,"name":"Gracias"}]},{"@type":"WebSite","@id":"https:\/\/augustavitrinas.com\/#website","url":"https:\/\/augustavitrinas.com\/","name":"Augusta Vitrinas","description":"Vitrinas frigor\u00edficas a medida , Interiorismo comercial","publisher":{"@id":"https:\/\/augustavitrinas.com\/#organization"},"potentialAction":[{"@type":"SearchAction","target":{"@type":"EntryPoint","urlTemplate":"https:\/\/augustavitrinas.com\/?s={search_term_string}"},"query-input":{"@type":"PropertyValueSpecification","valueRequired":true,"valueName":"search_term_string"}}],"inLanguage":"ca"},{"@type":"Organization","@id":"https:\/\/augustavitrinas.com\/#organization","name":"Augusta Vitrinas","url":"https:\/\/augustavitrinas.com\/","logo":{"@type":"ImageObject","inLanguage":"ca","@id":"https:\/\/augustavitrinas.com\/#\/schema\/logo\/image\/","url":"https:\/\/augustavitrinas.com\/wp-content\/uploads\/2021\/11\/logo-movil-augustaazul.png","contentUrl":"https:\/\/augustavitrinas.com\/wp-content\/uploads\/2021\/11\/logo-movil-augustaazul.png","width":501,"height":418,"caption":"Augusta Vitrinas"},"image":{"@id":"https:\/\/augustavitrinas.com\/#\/schema\/logo\/image\/"},"sameAs":["https:\/\/www.facebook.com\/Augustavitrinas\/","https:\/\/www.instagram.com\/augusta__vitrinas\/"]}]}},"_links":{"self":[{"href":"https:\/\/augustavitrinas.com\/ca\/wp-json\/wp\/v2\/pages\/1567","targetHints":{"allow":["GET"]}}],"collection":[{"href":"https:\/\/augustavitrinas.com\/ca\/wp-json\/wp\/v2\/pages"}],"about":[{"href":"https:\/\/augustavitrinas.com\/ca\/wp-json\/wp\/v2\/types\/page"}],"author":[{"embeddable":true,"href":"https:\/\/augustavitrinas.com\/ca\/wp-json\/wp\/v2\/users\/1"}],"replies":[{"embeddable":true,"href":"https:\/\/augustavitrinas.com\/ca\/wp-json\/wp\/v2\/comments?post=1567"}],"version-history":[{"count":0,"href":"https:\/\/augustavitrinas.com\/ca\/wp-json\/wp\/v2\/pages\/1567\/revisions"}],"wp:attachment":[{"href":"https:\/\/augustavitrinas.com\/ca\/wp-json\/wp\/v2\/media?parent=1567"}],"curies":[{"name":"wp","href":"https:\/\/api.w.org\/{rel}","templated":true}]}}